{"id":1535,"date":"2025-10-23T11:26:57","date_gmt":"2025-10-23T09:26:57","guid":{"rendered":"https:\/\/kaepple.com\/?post_type=product&#038;p=1535"},"modified":"2025-10-24T19:03:16","modified_gmt":"2025-10-24T17:03:16","slug":"e-s-pique-polo-cotton-stretch-slim-fit-herren","status":"publish","type":"product","link":"https:\/\/kaepple.com\/en\/product\/e-s-pique-polo-cotton-stretch-slim-fit-herren\/","title":{"rendered":"e.s. Piqu\u00e9-Polo cotton stretch, slim fit, Herren"},"content":{"rendered":"<div class=\"pdp-product_image\">Hoher Tragekomfort wird durch das weiche und elastische Material gew\u00e4hrleistet. Die drei Kn\u00f6pfe an der Vorderseite sorgen f\u00fcr eine klassische Optik, w\u00e4hrend die schmale Passform f\u00fcr eine moderne Silhouette sorgt.<\/div>","protected":false},"excerpt":{"rendered":"<p>Hoher Tragekomfort wird durch das weiche und elastische Material gew\u00e4hrleistet. Die drei Kn\u00f6pfe an der Vorderseite sorgen f\u00fcr eine klassische Optik, w\u00e4hrend die schmale Passform f\u00fcr eine moderne Silhouette sorgt.<\/p>","protected":false},"featured_media":1700,"template":"","meta":[],"product_brand":[],"product_cat":[34],"product_tag":[],"class_list":{"0":"post-1535","1":"product","2":"type-product","3":"status-publish","4":"has-post-thumbnail","6":"product_cat-herren","8":"first","9":"instock","10":"shipping-taxable","11":"purchasable","12":"product-type-variable","13":"rtsb-vs-product","14":"rtsb-rounded","15":"rtsb-attribute-behavior-blur-cross","16":"rtsb-tooltip"},"yoast_head":"<!-- This site is optimized with the Yoast SEO Premium plugin v27.4 (Yoast SEO v27.4) - https:\/\/yoast.com\/product\/yoast-seo-premium-wordpress\/ -->\n<title>e.s. Piqu\u00e9-Polo cotton stretch, slim fit, Herren - K\u00e4pple<\/title>\n<meta name=\"robots\" content=\"index, follow, max-snippet:-1, max-image-preview:large, max-video-preview:-1\" \/>\n<link rel=\"canonical\" href=\"https:\/\/kaepple.com\/en\/product\/e-s-pique-polo-cotton-stretch-slim-fit-herren\/\" \/>\n<meta property=\"og:locale\" content=\"en_US\" \/>\n<meta property=\"og:type\" content=\"article\" \/>\n<meta property=\"og:title\" content=\"e.s. Piqu\u00e9-Polo cotton stretch, slim fit, Herren\" \/>\n<meta property=\"og:description\" content=\"Hoher Tragekomfort wird durch das weiche und elastische Material gew\u00e4hrleistet. Die drei Kn\u00f6pfe an der Vorderseite sorgen f\u00fcr eine klassische Optik, w\u00e4hrend die schmale Passform f\u00fcr eine moderne Silhouette sorgt.\" \/>\n<meta property=\"og:url\" content=\"https:\/\/kaepple.com\/en\/product\/e-s-pique-polo-cotton-stretch-slim-fit-herren\/\" \/>\n<meta property=\"og:site_name\" content=\"K\u00e4pple\" \/>\n<meta property=\"article:publisher\" content=\"https:\/\/www.facebook.com\/KaeppleQL\/?locale=de_DE\" \/>\n<meta property=\"article:modified_time\" content=\"2025-10-24T17:03:16+00:00\" \/>\n<meta property=\"og:image\" content=\"https:\/\/kaepple.com\/wp-content\/uploads\/2025\/10\/5.png\" \/>\n\t<meta property=\"og:image:width\" content=\"500\" \/>\n\t<meta property=\"og:image:height\" content=\"500\" \/>\n\t<meta property=\"og:image:type\" content=\"image\/png\" \/>\n<meta name=\"twitter:card\" content=\"summary_large_image\" \/>\n<meta name=\"twitter:label1\" content=\"Est. reading time\" \/>\n\t<meta name=\"twitter:data1\" content=\"1 minute\" \/>\n<script type=\"application\/ld+json\" class=\"yoast-schema-graph\">{\"@context\":\"https:\\\/\\\/schema.org\",\"@graph\":[{\"@type\":\"WebPage\",\"@id\":\"https:\\\/\\\/kaepple.com\\\/produkt\\\/e-s-pique-polo-cotton-stretch-slim-fit-herren\\\/\",\"url\":\"https:\\\/\\\/kaepple.com\\\/produkt\\\/e-s-pique-polo-cotton-stretch-slim-fit-herren\\\/\",\"name\":\"e.s. Piqu\u00e9-Polo cotton stretch, slim fit, Herren - K\u00e4pple\",\"isPartOf\":{\"@id\":\"https:\\\/\\\/kaepple.com\\\/#website\"},\"primaryImageOfPage\":{\"@id\":\"https:\\\/\\\/kaepple.com\\\/produkt\\\/e-s-pique-polo-cotton-stretch-slim-fit-herren\\\/#primaryimage\"},\"image\":{\"@id\":\"https:\\\/\\\/kaepple.com\\\/produkt\\\/e-s-pique-polo-cotton-stretch-slim-fit-herren\\\/#primaryimage\"},\"thumbnailUrl\":\"https:\\\/\\\/kaepple.com\\\/wp-content\\\/uploads\\\/2025\\\/10\\\/5.png\",\"datePublished\":\"2025-10-23T09:26:57+00:00\",\"dateModified\":\"2025-10-24T17:03:16+00:00\",\"breadcrumb\":{\"@id\":\"https:\\\/\\\/kaepple.com\\\/produkt\\\/e-s-pique-polo-cotton-stretch-slim-fit-herren\\\/#breadcrumb\"},\"inLanguage\":\"en-US\",\"potentialAction\":[{\"@type\":\"ReadAction\",\"target\":[\"https:\\\/\\\/kaepple.com\\\/produkt\\\/e-s-pique-polo-cotton-stretch-slim-fit-herren\\\/\"]}]},{\"@type\":\"ImageObject\",\"inLanguage\":\"en-US\",\"@id\":\"https:\\\/\\\/kaepple.com\\\/produkt\\\/e-s-pique-polo-cotton-stretch-slim-fit-herren\\\/#primaryimage\",\"url\":\"https:\\\/\\\/kaepple.com\\\/wp-content\\\/uploads\\\/2025\\\/10\\\/5.png\",\"contentUrl\":\"https:\\\/\\\/kaepple.com\\\/wp-content\\\/uploads\\\/2025\\\/10\\\/5.png\",\"width\":500,\"height\":500},{\"@type\":\"BreadcrumbList\",\"@id\":\"https:\\\/\\\/kaepple.com\\\/produkt\\\/e-s-pique-polo-cotton-stretch-slim-fit-herren\\\/#breadcrumb\",\"itemListElement\":[{\"@type\":\"ListItem\",\"position\":1,\"name\":\"Startseite\",\"item\":\"https:\\\/\\\/kaepple.com\\\/\"},{\"@type\":\"ListItem\",\"position\":2,\"name\":\"Produkte\",\"item\":\"https:\\\/\\\/kaepple.com\\\/shop__trashed\\\/\"},{\"@type\":\"ListItem\",\"position\":3,\"name\":\"e.s. Piqu\u00e9-Polo cotton stretch, slim fit, Herren\"}]},{\"@type\":\"WebSite\",\"@id\":\"https:\\\/\\\/kaepple.com\\\/#website\",\"url\":\"https:\\\/\\\/kaepple.com\\\/\",\"name\":\"K\u00e4pple Qualit\u00e4tsleister GmbH & Co. KG\",\"description\":\"Outsourcing-L\u00f6sungen - 100% perfect to use!\",\"publisher\":{\"@id\":\"https:\\\/\\\/kaepple.com\\\/#organization\"},\"potentialAction\":[{\"@type\":\"SearchAction\",\"target\":{\"@type\":\"EntryPoint\",\"urlTemplate\":\"https:\\\/\\\/kaepple.com\\\/?s={search_term_string}\"},\"query-input\":{\"@type\":\"PropertyValueSpecification\",\"valueRequired\":true,\"valueName\":\"search_term_string\"}}],\"inLanguage\":\"en-US\"},{\"@type\":\"Organization\",\"@id\":\"https:\\\/\\\/kaepple.com\\\/#organization\",\"name\":\"K\u00e4pple Qualit\u00e4tsleister GmbH & Co. KG\",\"url\":\"https:\\\/\\\/kaepple.com\\\/\",\"logo\":{\"@type\":\"ImageObject\",\"inLanguage\":\"en-US\",\"@id\":\"https:\\\/\\\/kaepple.com\\\/#\\\/schema\\\/logo\\\/image\\\/\",\"url\":\"https:\\\/\\\/kaepple.com\\\/wp-content\\\/uploads\\\/2024\\\/12\\\/KQL_LOGO_dark-magenta-mikroskoppruefung-qualitaet-nacharbeit-control-rework.png\",\"contentUrl\":\"https:\\\/\\\/kaepple.com\\\/wp-content\\\/uploads\\\/2024\\\/12\\\/KQL_LOGO_dark-magenta-mikroskoppruefung-qualitaet-nacharbeit-control-rework.png\",\"width\":20395,\"height\":4303,\"caption\":\"K\u00e4pple Qualit\u00e4tsleister GmbH & Co. KG\"},\"image\":{\"@id\":\"https:\\\/\\\/kaepple.com\\\/#\\\/schema\\\/logo\\\/image\\\/\"},\"sameAs\":[\"https:\\\/\\\/www.facebook.com\\\/KaeppleQL\\\/?locale=de_DE\",\"https:\\\/\\\/www.instagram.com\\\/kaeppleql\\\/?hl=de\",\"https:\\\/\\\/www.linkedin.com\\\/copany\\\/kpple-qualittsleiter?originalSubdomain=de\"]}]}<\/script>\n<!-- \/ Yoast SEO Premium plugin. -->","yoast_head_json":{"title":"e.s. Piqu\u00e9-Polo cotton stretch, slim fit, Herren - K\u00e4pple","robots":{"index":"index","follow":"follow","max-snippet":"max-snippet:-1","max-image-preview":"max-image-preview:large","max-video-preview":"max-video-preview:-1"},"canonical":"https:\/\/kaepple.com\/en\/product\/e-s-pique-polo-cotton-stretch-slim-fit-herren\/","og_locale":"en_US","og_type":"article","og_title":"e.s. Piqu\u00e9-Polo cotton stretch, slim fit, Herren","og_description":"Hoher Tragekomfort wird durch das weiche und elastische Material gew\u00e4hrleistet. Die drei Kn\u00f6pfe an der Vorderseite sorgen f\u00fcr eine klassische Optik, w\u00e4hrend die schmale Passform f\u00fcr eine moderne Silhouette sorgt.","og_url":"https:\/\/kaepple.com\/en\/product\/e-s-pique-polo-cotton-stretch-slim-fit-herren\/","og_site_name":"K\u00e4pple","article_publisher":"https:\/\/www.facebook.com\/KaeppleQL\/?locale=de_DE","article_modified_time":"2025-10-24T17:03:16+00:00","og_image":[{"width":500,"height":500,"url":"https:\/\/kaepple.com\/wp-content\/uploads\/2025\/10\/5.png","type":"image\/png"}],"twitter_card":"summary_large_image","twitter_misc":{"Est. reading time":"1 minute"},"schema":{"@context":"https:\/\/schema.org","@graph":[{"@type":"WebPage","@id":"https:\/\/kaepple.com\/produkt\/e-s-pique-polo-cotton-stretch-slim-fit-herren\/","url":"https:\/\/kaepple.com\/produkt\/e-s-pique-polo-cotton-stretch-slim-fit-herren\/","name":"e.s. Piqu\u00e9-Polo cotton stretch, slim fit, Herren - K\u00e4pple","isPartOf":{"@id":"https:\/\/kaepple.com\/#website"},"primaryImageOfPage":{"@id":"https:\/\/kaepple.com\/produkt\/e-s-pique-polo-cotton-stretch-slim-fit-herren\/#primaryimage"},"image":{"@id":"https:\/\/kaepple.com\/produkt\/e-s-pique-polo-cotton-stretch-slim-fit-herren\/#primaryimage"},"thumbnailUrl":"https:\/\/kaepple.com\/wp-content\/uploads\/2025\/10\/5.png","datePublished":"2025-10-23T09:26:57+00:00","dateModified":"2025-10-24T17:03:16+00:00","breadcrumb":{"@id":"https:\/\/kaepple.com\/produkt\/e-s-pique-polo-cotton-stretch-slim-fit-herren\/#breadcrumb"},"inLanguage":"en-US","potentialAction":[{"@type":"ReadAction","target":["https:\/\/kaepple.com\/produkt\/e-s-pique-polo-cotton-stretch-slim-fit-herren\/"]}]},{"@type":"ImageObject","inLanguage":"en-US","@id":"https:\/\/kaepple.com\/produkt\/e-s-pique-polo-cotton-stretch-slim-fit-herren\/#primaryimage","url":"https:\/\/kaepple.com\/wp-content\/uploads\/2025\/10\/5.png","contentUrl":"https:\/\/kaepple.com\/wp-content\/uploads\/2025\/10\/5.png","width":500,"height":500},{"@type":"BreadcrumbList","@id":"https:\/\/kaepple.com\/produkt\/e-s-pique-polo-cotton-stretch-slim-fit-herren\/#breadcrumb","itemListElement":[{"@type":"ListItem","position":1,"name":"Startseite","item":"https:\/\/kaepple.com\/"},{"@type":"ListItem","position":2,"name":"Produkte","item":"https:\/\/kaepple.com\/shop__trashed\/"},{"@type":"ListItem","position":3,"name":"e.s. Piqu\u00e9-Polo cotton stretch, slim fit, Herren"}]},{"@type":"WebSite","@id":"https:\/\/kaepple.com\/#website","url":"https:\/\/kaepple.com\/","name":"K\u00e4pple Qualit\u00e4tsleister GmbH & Co. KG","description":"Outsourcing-L\u00f6sungen - 100% perfect to use!","publisher":{"@id":"https:\/\/kaepple.com\/#organization"},"potentialAction":[{"@type":"SearchAction","target":{"@type":"EntryPoint","urlTemplate":"https:\/\/kaepple.com\/?s={search_term_string}"},"query-input":{"@type":"PropertyValueSpecification","valueRequired":true,"valueName":"search_term_string"}}],"inLanguage":"en-US"},{"@type":"Organization","@id":"https:\/\/kaepple.com\/#organization","name":"K\u00e4pple Qualit\u00e4tsleister GmbH & Co. KG","url":"https:\/\/kaepple.com\/","logo":{"@type":"ImageObject","inLanguage":"en-US","@id":"https:\/\/kaepple.com\/#\/schema\/logo\/image\/","url":"https:\/\/kaepple.com\/wp-content\/uploads\/2024\/12\/KQL_LOGO_dark-magenta-mikroskoppruefung-qualitaet-nacharbeit-control-rework.png","contentUrl":"https:\/\/kaepple.com\/wp-content\/uploads\/2024\/12\/KQL_LOGO_dark-magenta-mikroskoppruefung-qualitaet-nacharbeit-control-rework.png","width":20395,"height":4303,"caption":"K\u00e4pple Qualit\u00e4tsleister GmbH & Co. KG"},"image":{"@id":"https:\/\/kaepple.com\/#\/schema\/logo\/image\/"},"sameAs":["https:\/\/www.facebook.com\/KaeppleQL\/?locale=de_DE","https:\/\/www.instagram.com\/kaeppleql\/?hl=de","https:\/\/www.linkedin.com\/copany\/kpple-qualittsleiter?originalSubdomain=de"]}]}},"_links":{"self":[{"href":"https:\/\/kaepple.com\/en\/wp-json\/wp\/v2\/product\/1535","targetHints":{"allow":["GET"]}}],"collection":[{"href":"https:\/\/kaepple.com\/en\/wp-json\/wp\/v2\/product"}],"about":[{"href":"https:\/\/kaepple.com\/en\/wp-json\/wp\/v2\/types\/product"}],"wp:featuredmedia":[{"embeddable":true,"href":"https:\/\/kaepple.com\/en\/wp-json\/wp\/v2\/media\/1700"}],"wp:attachment":[{"href":"https:\/\/kaepple.com\/en\/wp-json\/wp\/v2\/media?parent=1535"}],"wp:term":[{"taxonomy":"product_brand","embeddable":true,"href":"https:\/\/kaepple.com\/en\/wp-json\/wp\/v2\/product_brand?post=1535"},{"taxonomy":"product_cat","embeddable":true,"href":"https:\/\/kaepple.com\/en\/wp-json\/wp\/v2\/product_cat?post=1535"},{"taxonomy":"product_tag","embeddable":true,"href":"https:\/\/kaepple.com\/en\/wp-json\/wp\/v2\/product_tag?post=1535"}],"curies":[{"name":"wp","href":"https:\/\/api.w.org\/{rel}","templated":true}]}}