{"id":1496,"date":"2025-10-23T11:18:42","date_gmt":"2025-10-23T09:18:42","guid":{"rendered":"https:\/\/kaepple.com\/?post_type=product&#038;p=1496"},"modified":"2025-10-24T19:05:15","modified_gmt":"2025-10-24T17:05:15","slug":"t-shirt-e-s-vintage","status":"publish","type":"product","link":"https:\/\/kaepple.com\/en\/product\/t-shirt-e-s-vintage\/","title":{"rendered":"T-Shirt e.s.vintage, Herren"},"content":{"rendered":"<div class=\"pdp-product_image\"><span class=\"pdp-richtext_bullet pdp-richtext_line\" data-testid=\"span_type_elm\">F\u00fcr l\u00e4ssige Vintage-Looks ben\u00f6tigt man passende Basics, die das Outfit komplett machen. Das T-Shirt e.s.vintage ist daf\u00fcr optimal geeignet \u2013 das hochwertige und weiche Material in Melange-Optik und die bequeme Passform machen dieses T-Shirt zum echten Allrounder f\u00fcr jeden Tag.<\/span><\/div>","protected":false},"excerpt":{"rendered":"<p><span class=\"pdp-richtext_bullet pdp-richtext_line\" data-testid=\"span_type_elm\">F\u00fcr l\u00e4ssige Vintage-Looks ben\u00f6tigt man passende Basics, die das Outfit komplett machen. Das T-Shirt e.s.vintage ist daf\u00fcr optimal geeignet \u2013 das hochwertige und weiche Material in Melange-Optik und die bequeme Passform machen dieses T-Shirt zum echten Allrounder f\u00fcr jeden Tag.<\/span><\/p>","protected":false},"featured_media":1696,"template":"","meta":[],"product_brand":[],"product_cat":[34],"product_tag":[],"class_list":{"0":"post-1496","1":"product","2":"type-product","3":"status-publish","4":"has-post-thumbnail","6":"product_cat-herren","8":"first","9":"instock","10":"shipping-taxable","11":"purchasable","12":"product-type-variable","13":"rtsb-vs-product","14":"rtsb-rounded","15":"rtsb-attribute-behavior-blur-cross","16":"rtsb-tooltip"},"yoast_head":"<!-- This site is optimized with the Yoast SEO Premium plugin v27.4 (Yoast SEO v27.4) - https:\/\/yoast.com\/product\/yoast-seo-premium-wordpress\/ -->\n<title>T-Shirt e.s.vintage, Herren - K\u00e4pple<\/title>\n<meta name=\"robots\" content=\"index, follow, max-snippet:-1, max-image-preview:large, max-video-preview:-1\" \/>\n<link rel=\"canonical\" href=\"https:\/\/kaepple.com\/en\/product\/t-shirt-e-s-vintage\/\" \/>\n<meta property=\"og:locale\" content=\"en_US\" \/>\n<meta property=\"og:type\" content=\"article\" \/>\n<meta property=\"og:title\" content=\"T-Shirt e.s.vintage, Herren\" \/>\n<meta property=\"og:description\" content=\"F\u00fcr l\u00e4ssige Vintage-Looks ben\u00f6tigt man passende Basics, die das Outfit komplett machen. Das T-Shirt e.s.vintage ist daf\u00fcr optimal geeignet \u2013 das hochwertige und weiche Material in Melange-Optik und die bequeme Passform machen dieses T-Shirt zum echten Allrounder f\u00fcr jeden Tag.\" \/>\n<meta property=\"og:url\" content=\"https:\/\/kaepple.com\/en\/product\/t-shirt-e-s-vintage\/\" \/>\n<meta property=\"og:site_name\" content=\"K\u00e4pple\" \/>\n<meta property=\"article:publisher\" content=\"https:\/\/www.facebook.com\/KaeppleQL\/?locale=de_DE\" \/>\n<meta property=\"article:modified_time\" content=\"2025-10-24T17:05:15+00:00\" \/>\n<meta property=\"og:image\" content=\"https:\/\/kaepple.com\/wp-content\/uploads\/2025\/10\/1.png\" \/>\n\t<meta property=\"og:image:width\" content=\"500\" \/>\n\t<meta property=\"og:image:height\" content=\"500\" \/>\n\t<meta property=\"og:image:type\" content=\"image\/png\" \/>\n<meta name=\"twitter:card\" content=\"summary_large_image\" \/>\n<meta name=\"twitter:label1\" content=\"Est. reading time\" \/>\n\t<meta name=\"twitter:data1\" content=\"1 minute\" \/>\n<script type=\"application\/ld+json\" class=\"yoast-schema-graph\">{\"@context\":\"https:\\\/\\\/schema.org\",\"@graph\":[{\"@type\":\"WebPage\",\"@id\":\"https:\\\/\\\/kaepple.com\\\/produkt\\\/t-shirt-e-s-vintage\\\/\",\"url\":\"https:\\\/\\\/kaepple.com\\\/produkt\\\/t-shirt-e-s-vintage\\\/\",\"name\":\"T-Shirt e.s.vintage, Herren - K\u00e4pple\",\"isPartOf\":{\"@id\":\"https:\\\/\\\/kaepple.com\\\/#website\"},\"primaryImageOfPage\":{\"@id\":\"https:\\\/\\\/kaepple.com\\\/produkt\\\/t-shirt-e-s-vintage\\\/#primaryimage\"},\"image\":{\"@id\":\"https:\\\/\\\/kaepple.com\\\/produkt\\\/t-shirt-e-s-vintage\\\/#primaryimage\"},\"thumbnailUrl\":\"https:\\\/\\\/kaepple.com\\\/wp-content\\\/uploads\\\/2025\\\/10\\\/1.png\",\"datePublished\":\"2025-10-23T09:18:42+00:00\",\"dateModified\":\"2025-10-24T17:05:15+00:00\",\"breadcrumb\":{\"@id\":\"https:\\\/\\\/kaepple.com\\\/produkt\\\/t-shirt-e-s-vintage\\\/#breadcrumb\"},\"inLanguage\":\"en-US\",\"potentialAction\":[{\"@type\":\"ReadAction\",\"target\":[\"https:\\\/\\\/kaepple.com\\\/produkt\\\/t-shirt-e-s-vintage\\\/\"]}]},{\"@type\":\"ImageObject\",\"inLanguage\":\"en-US\",\"@id\":\"https:\\\/\\\/kaepple.com\\\/produkt\\\/t-shirt-e-s-vintage\\\/#primaryimage\",\"url\":\"https:\\\/\\\/kaepple.com\\\/wp-content\\\/uploads\\\/2025\\\/10\\\/1.png\",\"contentUrl\":\"https:\\\/\\\/kaepple.com\\\/wp-content\\\/uploads\\\/2025\\\/10\\\/1.png\",\"width\":500,\"height\":500},{\"@type\":\"BreadcrumbList\",\"@id\":\"https:\\\/\\\/kaepple.com\\\/produkt\\\/t-shirt-e-s-vintage\\\/#breadcrumb\",\"itemListElement\":[{\"@type\":\"ListItem\",\"position\":1,\"name\":\"Startseite\",\"item\":\"https:\\\/\\\/kaepple.com\\\/\"},{\"@type\":\"ListItem\",\"position\":2,\"name\":\"Produkte\",\"item\":\"https:\\\/\\\/kaepple.com\\\/shop__trashed\\\/\"},{\"@type\":\"ListItem\",\"position\":3,\"name\":\"T-Shirt e.s.vintage, Herren\"}]},{\"@type\":\"WebSite\",\"@id\":\"https:\\\/\\\/kaepple.com\\\/#website\",\"url\":\"https:\\\/\\\/kaepple.com\\\/\",\"name\":\"K\u00e4pple Qualit\u00e4tsleister GmbH & Co. KG\",\"description\":\"Outsourcing-L\u00f6sungen - 100% perfect to use!\",\"publisher\":{\"@id\":\"https:\\\/\\\/kaepple.com\\\/#organization\"},\"potentialAction\":[{\"@type\":\"SearchAction\",\"target\":{\"@type\":\"EntryPoint\",\"urlTemplate\":\"https:\\\/\\\/kaepple.com\\\/?s={search_term_string}\"},\"query-input\":{\"@type\":\"PropertyValueSpecification\",\"valueRequired\":true,\"valueName\":\"search_term_string\"}}],\"inLanguage\":\"en-US\"},{\"@type\":\"Organization\",\"@id\":\"https:\\\/\\\/kaepple.com\\\/#organization\",\"name\":\"K\u00e4pple Qualit\u00e4tsleister GmbH & Co. KG\",\"url\":\"https:\\\/\\\/kaepple.com\\\/\",\"logo\":{\"@type\":\"ImageObject\",\"inLanguage\":\"en-US\",\"@id\":\"https:\\\/\\\/kaepple.com\\\/#\\\/schema\\\/logo\\\/image\\\/\",\"url\":\"https:\\\/\\\/kaepple.com\\\/wp-content\\\/uploads\\\/2024\\\/12\\\/KQL_LOGO_dark-magenta-mikroskoppruefung-qualitaet-nacharbeit-control-rework.png\",\"contentUrl\":\"https:\\\/\\\/kaepple.com\\\/wp-content\\\/uploads\\\/2024\\\/12\\\/KQL_LOGO_dark-magenta-mikroskoppruefung-qualitaet-nacharbeit-control-rework.png\",\"width\":20395,\"height\":4303,\"caption\":\"K\u00e4pple Qualit\u00e4tsleister GmbH & Co. KG\"},\"image\":{\"@id\":\"https:\\\/\\\/kaepple.com\\\/#\\\/schema\\\/logo\\\/image\\\/\"},\"sameAs\":[\"https:\\\/\\\/www.facebook.com\\\/KaeppleQL\\\/?locale=de_DE\",\"https:\\\/\\\/www.instagram.com\\\/kaeppleql\\\/?hl=de\",\"https:\\\/\\\/www.linkedin.com\\\/copany\\\/kpple-qualittsleiter?originalSubdomain=de\"]}]}<\/script>\n<!-- \/ Yoast SEO Premium plugin. -->","yoast_head_json":{"title":"T-Shirt e.s.vintage, Herren - K\u00e4pple","robots":{"index":"index","follow":"follow","max-snippet":"max-snippet:-1","max-image-preview":"max-image-preview:large","max-video-preview":"max-video-preview:-1"},"canonical":"https:\/\/kaepple.com\/en\/product\/t-shirt-e-s-vintage\/","og_locale":"en_US","og_type":"article","og_title":"T-Shirt e.s.vintage, Herren","og_description":"F\u00fcr l\u00e4ssige Vintage-Looks ben\u00f6tigt man passende Basics, die das Outfit komplett machen. Das T-Shirt e.s.vintage ist daf\u00fcr optimal geeignet \u2013 das hochwertige und weiche Material in Melange-Optik und die bequeme Passform machen dieses T-Shirt zum echten Allrounder f\u00fcr jeden Tag.","og_url":"https:\/\/kaepple.com\/en\/product\/t-shirt-e-s-vintage\/","og_site_name":"K\u00e4pple","article_publisher":"https:\/\/www.facebook.com\/KaeppleQL\/?locale=de_DE","article_modified_time":"2025-10-24T17:05:15+00:00","og_image":[{"width":500,"height":500,"url":"https:\/\/kaepple.com\/wp-content\/uploads\/2025\/10\/1.png","type":"image\/png"}],"twitter_card":"summary_large_image","twitter_misc":{"Est. reading time":"1 minute"},"schema":{"@context":"https:\/\/schema.org","@graph":[{"@type":"WebPage","@id":"https:\/\/kaepple.com\/produkt\/t-shirt-e-s-vintage\/","url":"https:\/\/kaepple.com\/produkt\/t-shirt-e-s-vintage\/","name":"T-Shirt e.s.vintage, Herren - K\u00e4pple","isPartOf":{"@id":"https:\/\/kaepple.com\/#website"},"primaryImageOfPage":{"@id":"https:\/\/kaepple.com\/produkt\/t-shirt-e-s-vintage\/#primaryimage"},"image":{"@id":"https:\/\/kaepple.com\/produkt\/t-shirt-e-s-vintage\/#primaryimage"},"thumbnailUrl":"https:\/\/kaepple.com\/wp-content\/uploads\/2025\/10\/1.png","datePublished":"2025-10-23T09:18:42+00:00","dateModified":"2025-10-24T17:05:15+00:00","breadcrumb":{"@id":"https:\/\/kaepple.com\/produkt\/t-shirt-e-s-vintage\/#breadcrumb"},"inLanguage":"en-US","potentialAction":[{"@type":"ReadAction","target":["https:\/\/kaepple.com\/produkt\/t-shirt-e-s-vintage\/"]}]},{"@type":"ImageObject","inLanguage":"en-US","@id":"https:\/\/kaepple.com\/produkt\/t-shirt-e-s-vintage\/#primaryimage","url":"https:\/\/kaepple.com\/wp-content\/uploads\/2025\/10\/1.png","contentUrl":"https:\/\/kaepple.com\/wp-content\/uploads\/2025\/10\/1.png","width":500,"height":500},{"@type":"BreadcrumbList","@id":"https:\/\/kaepple.com\/produkt\/t-shirt-e-s-vintage\/#breadcrumb","itemListElement":[{"@type":"ListItem","position":1,"name":"Startseite","item":"https:\/\/kaepple.com\/"},{"@type":"ListItem","position":2,"name":"Produkte","item":"https:\/\/kaepple.com\/shop__trashed\/"},{"@type":"ListItem","position":3,"name":"T-Shirt e.s.vintage, Herren"}]},{"@type":"WebSite","@id":"https:\/\/kaepple.com\/#website","url":"https:\/\/kaepple.com\/","name":"K\u00e4pple Qualit\u00e4tsleister GmbH & Co. KG","description":"Outsourcing-L\u00f6sungen - 100% perfect to use!","publisher":{"@id":"https:\/\/kaepple.com\/#organization"},"potentialAction":[{"@type":"SearchAction","target":{"@type":"EntryPoint","urlTemplate":"https:\/\/kaepple.com\/?s={search_term_string}"},"query-input":{"@type":"PropertyValueSpecification","valueRequired":true,"valueName":"search_term_string"}}],"inLanguage":"en-US"},{"@type":"Organization","@id":"https:\/\/kaepple.com\/#organization","name":"K\u00e4pple Qualit\u00e4tsleister GmbH & Co. KG","url":"https:\/\/kaepple.com\/","logo":{"@type":"ImageObject","inLanguage":"en-US","@id":"https:\/\/kaepple.com\/#\/schema\/logo\/image\/","url":"https:\/\/kaepple.com\/wp-content\/uploads\/2024\/12\/KQL_LOGO_dark-magenta-mikroskoppruefung-qualitaet-nacharbeit-control-rework.png","contentUrl":"https:\/\/kaepple.com\/wp-content\/uploads\/2024\/12\/KQL_LOGO_dark-magenta-mikroskoppruefung-qualitaet-nacharbeit-control-rework.png","width":20395,"height":4303,"caption":"K\u00e4pple Qualit\u00e4tsleister GmbH & Co. KG"},"image":{"@id":"https:\/\/kaepple.com\/#\/schema\/logo\/image\/"},"sameAs":["https:\/\/www.facebook.com\/KaeppleQL\/?locale=de_DE","https:\/\/www.instagram.com\/kaeppleql\/?hl=de","https:\/\/www.linkedin.com\/copany\/kpple-qualittsleiter?originalSubdomain=de"]}]}},"_links":{"self":[{"href":"https:\/\/kaepple.com\/en\/wp-json\/wp\/v2\/product\/1496","targetHints":{"allow":["GET"]}}],"collection":[{"href":"https:\/\/kaepple.com\/en\/wp-json\/wp\/v2\/product"}],"about":[{"href":"https:\/\/kaepple.com\/en\/wp-json\/wp\/v2\/types\/product"}],"wp:featuredmedia":[{"embeddable":true,"href":"https:\/\/kaepple.com\/en\/wp-json\/wp\/v2\/media\/1696"}],"wp:attachment":[{"href":"https:\/\/kaepple.com\/en\/wp-json\/wp\/v2\/media?parent=1496"}],"wp:term":[{"taxonomy":"product_brand","embeddable":true,"href":"https:\/\/kaepple.com\/en\/wp-json\/wp\/v2\/product_brand?post=1496"},{"taxonomy":"product_cat","embeddable":true,"href":"https:\/\/kaepple.com\/en\/wp-json\/wp\/v2\/product_cat?post=1496"},{"taxonomy":"product_tag","embeddable":true,"href":"https:\/\/kaepple.com\/en\/wp-json\/wp\/v2\/product_tag?post=1496"}],"curies":[{"name":"wp","href":"https:\/\/api.w.org\/{rel}","templated":true}]}}