{"id":1364,"date":"2025-10-20T13:55:25","date_gmt":"2025-10-20T11:55:25","guid":{"rendered":"https:\/\/kaepple.com\/?page_id=1364"},"modified":"2025-10-24T12:22:19","modified_gmt":"2025-10-24T10:22:19","slug":"qualitaetspruefung","status":"publish","type":"page","link":"https:\/\/kaepple.com\/en\/qualitaetspruefung\/","title":{"rendered":"Quality inspection"},"content":{"rendered":"<div data-elementor-type=\"wp-page\" data-elementor-id=\"1364\" class=\"elementor elementor-1364\" data-elementor-post-type=\"page\">\n\t\t\t\t<div class=\"elementor-element elementor-element-f4756ff elementor-hidden-desktop e-flex e-con-boxed e-con e-parent\" data-id=\"f4756ff\" data-element_type=\"container\" data-e-type=\"container\" data-settings=\"{&quot;background_background&quot;:&quot;classic&quot;,&quot;shape_divider_bottom&quot;:&quot;pyramids&quot;,&quot;shape_divider_top&quot;:&quot;pyramids&quot;}\">\n\t\t\t\t\t<div class=\"e-con-inner\">\n\t\t\t\t<div class=\"elementor-shape elementor-shape-top\" aria-hidden=\"true\" data-negative=\"false\">\n\t\t\t<svg xmlns=\"http:\/\/www.w3.org\/2000\/svg\" viewbox=\"0 0 1000 100\" preserveaspectratio=\"none\">\n\t<path class=\"elementor-shape-fill\" d=\"M761.9,44.1L643.1,27.2L333.8,98L0,3.8V0l1000,0v3.9\"\/>\n<\/svg>\t\t<\/div>\n\t\t\t\t<div class=\"elementor-shape elementor-shape-bottom\" aria-hidden=\"true\" data-negative=\"false\">\n\t\t\t<svg xmlns=\"http:\/\/www.w3.org\/2000\/svg\" viewbox=\"0 0 1000 100\" preserveaspectratio=\"none\">\n\t<path class=\"elementor-shape-fill\" d=\"M761.9,44.1L643.1,27.2L333.8,98L0,3.8V0l1000,0v3.9\"\/>\n<\/svg>\t\t<\/div>\n\t\t\t\t\t<\/div>\n\t\t\t\t<\/div>\n\t\t<div class=\"elementor-element elementor-element-5cc0137 elementor-hidden-desktop e-flex e-con-boxed e-con e-parent\" data-id=\"5cc0137\" data-element_type=\"container\" data-e-type=\"container\" data-settings=\"{&quot;background_background&quot;:&quot;classic&quot;}\">\n\t\t\t\t\t<div class=\"e-con-inner\">\n\t\t\t\t<div class=\"elementor-element elementor-element-5f3b13f elementor-widget elementor-widget-spacer\" data-id=\"5f3b13f\" data-element_type=\"widget\" data-e-type=\"widget\" data-widget_type=\"spacer.default\">\n\t\t\t\t\t\t\t<div class=\"elementor-spacer\">\n\t\t\t<div class=\"elementor-spacer-inner\"><\/div>\n\t\t<\/div>\n\t\t\t\t\t\t<\/div>\n\t\t\t\t<div class=\"elementor-element elementor-element-4bf3c53 elementor-widget elementor-widget-heading\" data-id=\"4bf3c53\" data-element_type=\"widget\" data-e-type=\"widget\" data-widget_type=\"heading.default\">\n\t\t\t\t\t<h2 class=\"elementor-heading-title elementor-size-default\">Bauteile und Komponenten<\/h2>\t\t\t\t<\/div>\n\t\t\t\t<div class=\"elementor-element elementor-element-e70c8c0 elementor-widget elementor-widget-heading\" data-id=\"e70c8c0\" data-element_type=\"widget\" data-e-type=\"widget\" data-widget_type=\"heading.default\">\n\t\t\t\t\t<h1 class=\"elementor-heading-title elementor-size-default\">Quality inspection\n<\/h1>\t\t\t\t<\/div>\n\t\t\t\t<div class=\"elementor-element elementor-element-e3752e7 elementor-widget elementor-widget-heading\" data-id=\"e3752e7\" data-element_type=\"widget\" data-e-type=\"widget\" data-widget_type=\"heading.default\">\n\t\t\t\t\t<h3 class=\"elementor-heading-title elementor-size-default\">Fehlerfreie Teile. Sichere Prozesse. K\u00e4pple pr\u00fcft, sortiert und dokumentiert \u2013 flexibel bei Ihnen, Ihren Kunden oder in unseren R\u00e4umen.<\/h3>\t\t\t\t<\/div>\n\t\t\t\t<div class=\"elementor-element elementor-element-528f535 elementor-widget elementor-widget-spacer\" data-id=\"528f535\" data-element_type=\"widget\" data-e-type=\"widget\" data-widget_type=\"spacer.default\">\n\t\t\t\t\t\t\t<div class=\"elementor-spacer\">\n\t\t\t<div class=\"elementor-spacer-inner\"><\/div>\n\t\t<\/div>\n\t\t\t\t\t\t<\/div>\n\t\t\t\t<div class=\"elementor-element elementor-element-fa5463a elementor-widget elementor-widget-button\" data-id=\"fa5463a\" data-element_type=\"widget\" data-e-type=\"widget\" data-widget_type=\"button.default\">\n\t\t\t\t\t\t\t\t\t\t<a class=\"elementor-button elementor-button-link elementor-size-sm\" href=\"https:\/\/kaepple.com\/en\/teile-qualitaet\/\">\n\t\t\t\t\t\t<span class=\"elementor-button-content-wrapper\">\n\t\t\t\t\t\t\t\t\t<span class=\"elementor-button-text\">Jetzt mehr erfahren!<\/span>\n\t\t\t\t\t<\/span>\n\t\t\t\t\t<\/a>\n\t\t\t\t\t\t\t\t<\/div>\n\t\t\t\t<div class=\"elementor-element elementor-element-5599fa1 elementor-widget elementor-widget-spacer\" data-id=\"5599fa1\" data-element_type=\"widget\" data-e-type=\"widget\" data-widget_type=\"spacer.default\">\n\t\t\t\t\t\t\t<div class=\"elementor-spacer\">\n\t\t\t<div class=\"elementor-spacer-inner\"><\/div>\n\t\t<\/div>\n\t\t\t\t\t\t<\/div>\n\t\t\t\t\t<\/div>\n\t\t\t\t<\/div>\n\t\t<div class=\"elementor-element elementor-element-09a98c7 e-con-full elementor-hidden-tablet elementor-hidden-mobile e-flex e-con e-parent\" data-id=\"09a98c7\" data-element_type=\"container\" data-e-type=\"container\" data-settings=\"{&quot;background_background&quot;:&quot;classic&quot;,&quot;shape_divider_bottom&quot;:&quot;pyramids&quot;,&quot;shape_divider_top&quot;:&quot;pyramids&quot;}\">\n\t\t\t\t<div class=\"elementor-shape elementor-shape-top\" aria-hidden=\"true\" data-negative=\"false\">\n\t\t\t<svg xmlns=\"http:\/\/www.w3.org\/2000\/svg\" viewbox=\"0 0 1000 100\" preserveaspectratio=\"none\">\n\t<path class=\"elementor-shape-fill\" d=\"M761.9,44.1L643.1,27.2L333.8,98L0,3.8V0l1000,0v3.9\"\/>\n<\/svg>\t\t<\/div>\n\t\t\t\t<div class=\"elementor-shape elementor-shape-bottom\" aria-hidden=\"true\" data-negative=\"false\">\n\t\t\t<svg xmlns=\"http:\/\/www.w3.org\/2000\/svg\" viewbox=\"0 0 1000 100\" preserveaspectratio=\"none\">\n\t<path class=\"elementor-shape-fill\" d=\"M761.9,44.1L643.1,27.2L333.8,98L0,3.8V0l1000,0v3.9\"\/>\n<\/svg>\t\t<\/div>\n\t\t\t\t<div class=\"elementor-element elementor-element-6a41e41 elementor-widget elementor-widget-heading\" data-id=\"6a41e41\" data-element_type=\"widget\" data-e-type=\"widget\" data-widget_type=\"heading.default\">\n\t\t\t\t\t<h2 class=\"elementor-heading-title elementor-size-default\">Pr\u00e4zise Qualit\u00e4tspr\u00fcfungen f\u00fcr fehlerfreie Produktionsprozesse<\/h2>\t\t\t\t<\/div>\n\t\t\t\t<div class=\"elementor-element elementor-element-a4bea06 elementor-widget elementor-widget-heading\" data-id=\"a4bea06\" data-element_type=\"widget\" data-e-type=\"widget\" data-widget_type=\"heading.default\">\n\t\t\t\t\t<h1 class=\"elementor-heading-title elementor-size-default\">Quality inspection<\/h1>\t\t\t\t<\/div>\n\t\t\t\t<div class=\"elementor-element elementor-element-c46deae elementor-widget__width-initial elementor-widget elementor-widget-heading\" data-id=\"c46deae\" data-element_type=\"widget\" data-e-type=\"widget\" data-widget_type=\"heading.default\">\n\t\t\t\t\t<h3 class=\"elementor-heading-title elementor-size-default\">Fehlerfreie Teile. Sichere Prozesse. K\u00e4pple pr\u00fcft, sortiert und dokumentiert \u2013 flexibel bei Ihnen, Ihren Kunden oder in unseren R\u00e4umen.<\/h3>\t\t\t\t<\/div>\n\t\t\t\t<div class=\"elementor-element elementor-element-d93749e elementor-widget elementor-widget-button\" data-id=\"d93749e\" data-element_type=\"widget\" data-e-type=\"widget\" data-widget_type=\"button.default\">\n\t\t\t\t\t\t\t\t\t\t<a class=\"elementor-button elementor-button-link elementor-size-sm\" href=\"https:\/\/kaepple.com\/en\/teile-qualitaet\/\">\n\t\t\t\t\t\t<span class=\"elementor-button-content-wrapper\">\n\t\t\t\t\t\t\t\t\t<span class=\"elementor-button-text\">Jetzt mehr erfahren!<\/span>\n\t\t\t\t\t<\/span>\n\t\t\t\t\t<\/a>\n\t\t\t\t\t\t\t\t<\/div>\n\t\t\t\t<\/div>\n\t\t\t\t<\/div>","protected":false},"excerpt":{"rendered":"<p>Bauteile und Komponenten Qualit\u00e4tspr\u00fcfung Fehlerfreie Teile. Sichere Prozesse. K\u00e4pple pr\u00fcft, sortiert und dokumentiert \u2013 flexibel bei Ihnen, Ihren Kunden oder in unseren R\u00e4umen. Jetzt mehr erfahren! Pr\u00e4zise Qualit\u00e4tspr\u00fcfungen f\u00fcr fehlerfreie Produktionsprozesse Qualit\u00e4tspr\u00fcfung Fehlerfreie Teile. Sichere Prozesse. K\u00e4pple pr\u00fcft, sortiert und dokumentiert \u2013 flexibel bei Ihnen, Ihren Kunden oder in unseren R\u00e4umen. Jetzt mehr erfahren!<\/p>","protected":false},"author":1,"featured_media":0,"parent":0,"menu_order":0,"comment_status":"closed","ping_status":"closed","template":"","meta":{"footnotes":""},"class_list":["post-1364","page","type-page","status-publish","hentry"],"yoast_head":"<!-- This site is optimized with the Yoast SEO Premium plugin v27.4 (Yoast SEO v27.4) - https:\/\/yoast.com\/product\/yoast-seo-premium-wordpress\/ -->\n<title>Qualit\u00e4tspr\u00fcfung - K\u00e4pple<\/title>\n<meta name=\"description\" content=\"K\u00e4pple sorgt mit professionellen Qualit\u00e4tspr\u00fcfungen daf\u00fcr, dass fehlerhafte Teile gar nicht erst in den Produktionsprozess gelangen.\" \/>\n<meta name=\"robots\" content=\"index, follow, max-snippet:-1, max-image-preview:large, max-video-preview:-1\" \/>\n<link rel=\"canonical\" href=\"https:\/\/kaepple.com\/en\/qualitaetspruefung\/\" \/>\n<meta property=\"og:locale\" content=\"en_US\" \/>\n<meta property=\"og:type\" content=\"article\" \/>\n<meta property=\"og:title\" content=\"Qualit\u00e4tspr\u00fcfung\" \/>\n<meta property=\"og:description\" content=\"K\u00e4pple sorgt mit professionellen Qualit\u00e4tspr\u00fcfungen daf\u00fcr, dass fehlerhafte Teile gar nicht erst in den Produktionsprozess gelangen.\" \/>\n<meta property=\"og:url\" content=\"https:\/\/kaepple.com\/en\/qualitaetspruefung\/\" \/>\n<meta property=\"og:site_name\" content=\"K\u00e4pple\" \/>\n<meta property=\"article:publisher\" content=\"https:\/\/www.facebook.com\/KaeppleQL\/?locale=de_DE\" \/>\n<meta property=\"article:modified_time\" content=\"2025-10-24T10:22:19+00:00\" \/>\n<meta name=\"twitter:card\" content=\"summary_large_image\" \/>\n<meta name=\"twitter:label1\" content=\"Est. reading time\" \/>\n\t<meta name=\"twitter:data1\" content=\"1 minute\" \/>\n<script type=\"application\/ld+json\" class=\"yoast-schema-graph\">{\"@context\":\"https:\\\/\\\/schema.org\",\"@graph\":[{\"@type\":\"WebPage\",\"@id\":\"https:\\\/\\\/kaepple.com\\\/qualitaetspruefung\\\/\",\"url\":\"https:\\\/\\\/kaepple.com\\\/qualitaetspruefung\\\/\",\"name\":\"Qualit\u00e4tspr\u00fcfung - K\u00e4pple\",\"isPartOf\":{\"@id\":\"https:\\\/\\\/kaepple.com\\\/#website\"},\"datePublished\":\"2025-10-20T11:55:25+00:00\",\"dateModified\":\"2025-10-24T10:22:19+00:00\",\"description\":\"K\u00e4pple sorgt mit professionellen Qualit\u00e4tspr\u00fcfungen daf\u00fcr, dass fehlerhafte Teile gar nicht erst in den Produktionsprozess gelangen.\",\"breadcrumb\":{\"@id\":\"https:\\\/\\\/kaepple.com\\\/qualitaetspruefung\\\/#breadcrumb\"},\"inLanguage\":\"en-US\",\"potentialAction\":[{\"@type\":\"ReadAction\",\"target\":[\"https:\\\/\\\/kaepple.com\\\/qualitaetspruefung\\\/\"]}]},{\"@type\":\"BreadcrumbList\",\"@id\":\"https:\\\/\\\/kaepple.com\\\/qualitaetspruefung\\\/#breadcrumb\",\"itemListElement\":[{\"@type\":\"ListItem\",\"position\":1,\"name\":\"Startseite\",\"item\":\"https:\\\/\\\/kaepple.com\\\/\"},{\"@type\":\"ListItem\",\"position\":2,\"name\":\"Qualit\u00e4tspr\u00fcfung\"}]},{\"@type\":\"WebSite\",\"@id\":\"https:\\\/\\\/kaepple.com\\\/#website\",\"url\":\"https:\\\/\\\/kaepple.com\\\/\",\"name\":\"K\u00e4pple Qualit\u00e4tsleister GmbH & Co. KG\",\"description\":\"Outsourcing-L\u00f6sungen - 100% perfect to use!\",\"publisher\":{\"@id\":\"https:\\\/\\\/kaepple.com\\\/#organization\"},\"potentialAction\":[{\"@type\":\"SearchAction\",\"target\":{\"@type\":\"EntryPoint\",\"urlTemplate\":\"https:\\\/\\\/kaepple.com\\\/?s={search_term_string}\"},\"query-input\":{\"@type\":\"PropertyValueSpecification\",\"valueRequired\":true,\"valueName\":\"search_term_string\"}}],\"inLanguage\":\"en-US\"},{\"@type\":\"Organization\",\"@id\":\"https:\\\/\\\/kaepple.com\\\/#organization\",\"name\":\"K\u00e4pple Qualit\u00e4tsleister GmbH & Co. KG\",\"url\":\"https:\\\/\\\/kaepple.com\\\/\",\"logo\":{\"@type\":\"ImageObject\",\"inLanguage\":\"en-US\",\"@id\":\"https:\\\/\\\/kaepple.com\\\/#\\\/schema\\\/logo\\\/image\\\/\",\"url\":\"https:\\\/\\\/kaepple.com\\\/wp-content\\\/uploads\\\/2024\\\/12\\\/KQL_LOGO_dark-magenta-mikroskoppruefung-qualitaet-nacharbeit-control-rework.png\",\"contentUrl\":\"https:\\\/\\\/kaepple.com\\\/wp-content\\\/uploads\\\/2024\\\/12\\\/KQL_LOGO_dark-magenta-mikroskoppruefung-qualitaet-nacharbeit-control-rework.png\",\"width\":20395,\"height\":4303,\"caption\":\"K\u00e4pple Qualit\u00e4tsleister GmbH & Co. KG\"},\"image\":{\"@id\":\"https:\\\/\\\/kaepple.com\\\/#\\\/schema\\\/logo\\\/image\\\/\"},\"sameAs\":[\"https:\\\/\\\/www.facebook.com\\\/KaeppleQL\\\/?locale=de_DE\",\"https:\\\/\\\/www.instagram.com\\\/kaeppleql\\\/?hl=de\",\"https:\\\/\\\/www.linkedin.com\\\/copany\\\/kpple-qualittsleiter?originalSubdomain=de\"]}]}<\/script>\n<!-- \/ Yoast SEO Premium plugin. -->","yoast_head_json":{"title":"Qualit\u00e4tspr\u00fcfung - K\u00e4pple","description":"K\u00e4pple sorgt mit professionellen Qualit\u00e4tspr\u00fcfungen daf\u00fcr, dass fehlerhafte Teile gar nicht erst in den Produktionsprozess gelangen.","robots":{"index":"index","follow":"follow","max-snippet":"max-snippet:-1","max-image-preview":"max-image-preview:large","max-video-preview":"max-video-preview:-1"},"canonical":"https:\/\/kaepple.com\/en\/qualitaetspruefung\/","og_locale":"en_US","og_type":"article","og_title":"Qualit\u00e4tspr\u00fcfung","og_description":"K\u00e4pple sorgt mit professionellen Qualit\u00e4tspr\u00fcfungen daf\u00fcr, dass fehlerhafte Teile gar nicht erst in den Produktionsprozess gelangen.","og_url":"https:\/\/kaepple.com\/en\/qualitaetspruefung\/","og_site_name":"K\u00e4pple","article_publisher":"https:\/\/www.facebook.com\/KaeppleQL\/?locale=de_DE","article_modified_time":"2025-10-24T10:22:19+00:00","twitter_card":"summary_large_image","twitter_misc":{"Est. reading time":"1 minute"},"schema":{"@context":"https:\/\/schema.org","@graph":[{"@type":"WebPage","@id":"https:\/\/kaepple.com\/qualitaetspruefung\/","url":"https:\/\/kaepple.com\/qualitaetspruefung\/","name":"Qualit\u00e4tspr\u00fcfung - K\u00e4pple","isPartOf":{"@id":"https:\/\/kaepple.com\/#website"},"datePublished":"2025-10-20T11:55:25+00:00","dateModified":"2025-10-24T10:22:19+00:00","description":"K\u00e4pple sorgt mit professionellen Qualit\u00e4tspr\u00fcfungen daf\u00fcr, dass fehlerhafte Teile gar nicht erst in den Produktionsprozess gelangen.","breadcrumb":{"@id":"https:\/\/kaepple.com\/qualitaetspruefung\/#breadcrumb"},"inLanguage":"en-US","potentialAction":[{"@type":"ReadAction","target":["https:\/\/kaepple.com\/qualitaetspruefung\/"]}]},{"@type":"BreadcrumbList","@id":"https:\/\/kaepple.com\/qualitaetspruefung\/#breadcrumb","itemListElement":[{"@type":"ListItem","position":1,"name":"Startseite","item":"https:\/\/kaepple.com\/"},{"@type":"ListItem","position":2,"name":"Qualit\u00e4tspr\u00fcfung"}]},{"@type":"WebSite","@id":"https:\/\/kaepple.com\/#website","url":"https:\/\/kaepple.com\/","name":"K\u00e4pple Qualit\u00e4tsleister GmbH & Co. KG","description":"Outsourcing-L\u00f6sungen - 100% perfect to use!","publisher":{"@id":"https:\/\/kaepple.com\/#organization"},"potentialAction":[{"@type":"SearchAction","target":{"@type":"EntryPoint","urlTemplate":"https:\/\/kaepple.com\/?s={search_term_string}"},"query-input":{"@type":"PropertyValueSpecification","valueRequired":true,"valueName":"search_term_string"}}],"inLanguage":"en-US"},{"@type":"Organization","@id":"https:\/\/kaepple.com\/#organization","name":"K\u00e4pple Qualit\u00e4tsleister GmbH & Co. KG","url":"https:\/\/kaepple.com\/","logo":{"@type":"ImageObject","inLanguage":"en-US","@id":"https:\/\/kaepple.com\/#\/schema\/logo\/image\/","url":"https:\/\/kaepple.com\/wp-content\/uploads\/2024\/12\/KQL_LOGO_dark-magenta-mikroskoppruefung-qualitaet-nacharbeit-control-rework.png","contentUrl":"https:\/\/kaepple.com\/wp-content\/uploads\/2024\/12\/KQL_LOGO_dark-magenta-mikroskoppruefung-qualitaet-nacharbeit-control-rework.png","width":20395,"height":4303,"caption":"K\u00e4pple Qualit\u00e4tsleister GmbH & Co. KG"},"image":{"@id":"https:\/\/kaepple.com\/#\/schema\/logo\/image\/"},"sameAs":["https:\/\/www.facebook.com\/KaeppleQL\/?locale=de_DE","https:\/\/www.instagram.com\/kaeppleql\/?hl=de","https:\/\/www.linkedin.com\/copany\/kpple-qualittsleiter?originalSubdomain=de"]}]}},"_links":{"self":[{"href":"https:\/\/kaepple.com\/en\/wp-json\/wp\/v2\/pages\/1364","targetHints":{"allow":["GET"]}}],"collection":[{"href":"https:\/\/kaepple.com\/en\/wp-json\/wp\/v2\/pages"}],"about":[{"href":"https:\/\/kaepple.com\/en\/wp-json\/wp\/v2\/types\/page"}],"author":[{"embeddable":true,"href":"https:\/\/kaepple.com\/en\/wp-json\/wp\/v2\/users\/1"}],"replies":[{"embeddable":true,"href":"https:\/\/kaepple.com\/en\/wp-json\/wp\/v2\/comments?post=1364"}],"version-history":[{"count":10,"href":"https:\/\/kaepple.com\/en\/wp-json\/wp\/v2\/pages\/1364\/revisions"}],"predecessor-version":[{"id":1655,"href":"https:\/\/kaepple.com\/en\/wp-json\/wp\/v2\/pages\/1364\/revisions\/1655"}],"wp:attachment":[{"href":"https:\/\/kaepple.com\/en\/wp-json\/wp\/v2\/media?parent=1364"}],"curies":[{"name":"wp","href":"https:\/\/api.w.org\/{rel}","templated":true}]}}